{"id":349,"date":"2016-04-30T11:24:30","date_gmt":"2016-04-30T09:24:30","guid":{"rendered":"https:\/\/pastanita.de\/pastashop\/?page_id=349"},"modified":"2024-12-20T17:51:13","modified_gmt":"2024-12-20T16:51:13","slug":"hier-finden-sie-unsere-pasta","status":"publish","type":"page","link":"https:\/\/pastanita.de\/pastashop\/hier-finden-sie-unsere-pasta\/","title":{"rendered":"hier finden Sie unsere Pasta"},"content":{"rendered":"\n<p><\/p>\n\n\n\n<p><em><strong>In diesen liebevoll gef\u00fchrten Gesch\u00e4ften finden Sie unsere Nudeln incl. einer guten Beratung:<\/strong><\/em><\/p>\n\n\n<div class=\"wp-block-image\">\n<figure class=\"alignleft size-full is-resized\"><a href=\"https:\/\/www.lecker-eifel.de\/\" target=\"_blank\" rel=\"noreferrer noopener\"><img decoding=\"async\" loading=\"lazy\" src=\"https:\/\/pastanita.de\/pastashop\/wp-content\/uploads\/2022\/11\/Lecker-Eifel-1.png\" alt=\"\" class=\"wp-image-3169\" width=\"435\" height=\"186\" srcset=\"https:\/\/pastanita.de\/pastashop\/wp-content\/uploads\/2022\/11\/Lecker-Eifel-1.png 926w, https:\/\/pastanita.de\/pastashop\/wp-content\/uploads\/2022\/11\/Lecker-Eifel-1-300x129.png 300w, https:\/\/pastanita.de\/pastashop\/wp-content\/uploads\/2022\/11\/Lecker-Eifel-1-768x331.png 768w\" sizes=\"(max-width: 435px) 100vw, 435px\" \/><\/a><figcaption class=\"wp-element-caption\"><a href=\"https:\/\/www.lecker-eifel.de\/geschenke\/account\">M<\/a>R Michaeli &#8211; Lecker.Eifel<br>Uhlenbergweg 20, 53902 Bad M\u00fcnstereifel<\/figcaption><\/figure><\/div>\n\n<div class=\"wp-block-image\">\n<figure class=\"alignleft is-resized\"><a href=\"https:\/\/www.cafe-milz.de\/\" target=\"_blank\" rel=\"noopener\"><img decoding=\"async\" loading=\"lazy\" src=\"https:\/\/pastanita.de\/pastashop\/wp-content\/uploads\/2022\/10\/Logo-Milz.png\" alt=\"\" class=\"wp-image-3047\" width=\"379\" height=\"323\"\/><\/a><figcaption class=\"wp-element-caption\">B\u00e4ckerei + Cafe Milz, An der Kirche, 53947 Marmagen <\/figcaption><\/figure><\/div>\n\n\n<p><\/p>\n\n\n<div class=\"wp-block-image\">\n<figure class=\"alignleft is-resized\"><a href=\"https:\/\/www.marktk9.de\/\" target=\"_blank\" rel=\"noopener\"><img decoding=\"async\" loading=\"lazy\" src=\"https:\/\/pastanita.de\/pastashop\/wp-content\/uploads\/2022\/10\/Logo-MarktK9.png\" alt=\"\" class=\"wp-image-3048\" width=\"465\" height=\"243\"\/><\/a><figcaption class=\"wp-element-caption\">Markt K9, Marktstr. 20, 53902 Bad M\u00fcnstereifel<\/figcaption><\/figure><\/div>\n\n\n<ul>\n<li><\/li>\n<\/ul>\n\n\n<div class=\"wp-block-image\">\n<figure class=\"alignleft is-resized\"><a href=\"https:\/\/www.xn--haferflckchen-unverpackt-roc.de\/\" target=\"_blank\" rel=\"noopener\"><img decoding=\"async\" loading=\"lazy\" src=\"https:\/\/pastanita.de\/pastashop\/wp-content\/uploads\/2022\/10\/Logo-Haferfloeckchen.png\" alt=\"\" class=\"wp-image-3049\" width=\"393\" height=\"393\" srcset=\"https:\/\/pastanita.de\/pastashop\/wp-content\/uploads\/2022\/10\/Logo-Haferfloeckchen.png 1920w, https:\/\/pastanita.de\/pastashop\/wp-content\/uploads\/2022\/10\/Logo-Haferfloeckchen-300x300.png 300w, https:\/\/pastanita.de\/pastashop\/wp-content\/uploads\/2022\/10\/Logo-Haferfloeckchen-1024x1024.png 1024w, https:\/\/pastanita.de\/pastashop\/wp-content\/uploads\/2022\/10\/Logo-Haferfloeckchen-150x150.png 150w, https:\/\/pastanita.de\/pastashop\/wp-content\/uploads\/2022\/10\/Logo-Haferfloeckchen-768x768.png 768w, https:\/\/pastanita.de\/pastashop\/wp-content\/uploads\/2022\/10\/Logo-Haferfloeckchen-1536x1536.png 1536w, https:\/\/pastanita.de\/pastashop\/wp-content\/uploads\/2022\/10\/Logo-Haferfloeckchen-600x600.png 600w\" sizes=\"(max-width: 393px) 100vw, 393px\" \/><\/a><figcaption class=\"wp-element-caption\">Haferf\u00f6ckchen unverpackt, Bahnstr. 24, 53894 Mechernich<\/figcaption><\/figure><\/div>\n\n<div class=\"wp-block-image\">\n<figure class=\"alignleft is-resized\"><a href=\"http:\/\/unverpackt-seelscheid.de\" target=\"_blank\" rel=\"noopener\"><img decoding=\"async\" loading=\"lazy\" src=\"https:\/\/pastanita.de\/pastashop\/wp-content\/uploads\/2022\/10\/Logo-UnverpacktSeelscheidt.png\" alt=\"\" class=\"wp-image-3050\" width=\"426\" height=\"319\"\/><\/a><figcaption class=\"wp-element-caption\">Unverpackt-Seelscheidt, Auf der H\u00f6h 2, 53819 Neunkirchen-Seelscheid<\/figcaption><\/figure><\/div>\n\n\n<ul>\n<li><\/li>\n<\/ul>\n\n\n\n<p class=\"has-text-align-center\">&nbsp;<\/p>\n\n\n<div class=\"wp-block-image\">\n<figure class=\"alignleft is-resized\"><a href=\"https:\/\/siegburg-unverpackt.de\/\" target=\"_blank\" rel=\"noopener\"><img decoding=\"async\" loading=\"lazy\" src=\"https:\/\/pastanita.de\/pastashop\/wp-content\/uploads\/2022\/10\/Logo-UnverpacktSiegburg.jpg\" alt=\"\" class=\"wp-image-3051\" width=\"394\" height=\"394\" srcset=\"https:\/\/pastanita.de\/pastashop\/wp-content\/uploads\/2022\/10\/Logo-UnverpacktSiegburg.jpg 225w, https:\/\/pastanita.de\/pastashop\/wp-content\/uploads\/2022\/10\/Logo-UnverpacktSiegburg-150x150.jpg 150w\" sizes=\"(max-width: 394px) 100vw, 394px\" \/><\/a><figcaption class=\"wp-element-caption\">Unverpackt-Siegburg, Kaiserstr. 57, 53721 Siegburg<\/figcaption><\/figure><\/div>\n\n\n<ul>\n<li><\/li>\n<\/ul>\n\n\n<div class=\"wp-block-image\">\n<figure class=\"alignleft is-resized\"><a href=\"https:\/\/www.siechhaus.de\/\" target=\"_blank\" rel=\"noopener\"><img decoding=\"async\" loading=\"lazy\" src=\"https:\/\/pastanita.de\/pastashop\/wp-content\/uploads\/2022\/10\/Logo-Sichhaus.png\" alt=\"\" class=\"wp-image-3052\" width=\"450\" height=\"171\" srcset=\"https:\/\/pastanita.de\/pastashop\/wp-content\/uploads\/2022\/10\/Logo-Sichhaus.png 348w, https:\/\/pastanita.de\/pastashop\/wp-content\/uploads\/2022\/10\/Logo-Sichhaus-300x114.png 300w\" sizes=\"(max-width: 450px) 100vw, 450px\" \/><\/a><figcaption class=\"wp-element-caption\">Cafe, Laden am Siechhaus, an der B 265, 53909 Z\u00fclpich<\/figcaption><\/figure><\/div>\n\n<div class=\"wp-block-image\">\n<figure class=\"alignleft is-resized\"><a href=\"http:\/\/www.amphore-shop.de\" target=\"_blank\" rel=\"noopener\"><img decoding=\"async\" loading=\"lazy\" src=\"https:\/\/pastanita.de\/pastashop\/wp-content\/uploads\/2022\/10\/Logo-AmphoreDueren.jpg\" alt=\"\" class=\"wp-image-3053\" width=\"397\" height=\"397\" srcset=\"https:\/\/pastanita.de\/pastashop\/wp-content\/uploads\/2022\/10\/Logo-AmphoreDueren.jpg 225w, https:\/\/pastanita.de\/pastashop\/wp-content\/uploads\/2022\/10\/Logo-AmphoreDueren-150x150.jpg 150w\" sizes=\"(max-width: 397px) 100vw, 397px\" \/><\/a><figcaption class=\"wp-element-caption\">Amphore Feinkost, Markt 15, 52349 D\u00fcren, Feinkost<\/figcaption><\/figure><\/div>\n\n\n<ul>\n<li><\/li>\n<\/ul>\n\n\n\n<p><\/p>\n\n\n\n<p><\/p>\n\n\n\n<p><\/p>\n\n\n\n<p><\/p>\n\n\n\n<p><\/p>\n\n\n\n<p><\/p>\n\n\n\n<p><\/p>\n\n\n\n<p><\/p>\n\n\n\n<p><\/p>\n\n\n\n<p><\/p>\n\n\n\n<p><\/p>\n\n\n\n<p><\/p>\n\n\n\n<p><\/p>\n\n\n\n<p><\/p>\n\n\n\n<p><\/p>\n\n\n\n<p><\/p>\n\n\n\n<p><\/p>\n\n\n\n<p><\/p>\n\n\n\n<p><\/p>\n\n\n\n<p><\/p>\n\n\n\n<p><\/p>\n\n\n\n<p><\/p>\n\n\n\n<p><\/p>\n\n\n\n<p><\/p>\n\n\n\n<p><\/p>\n\n\n\n<p><\/p>\n\n\n\n<p><\/p>\n\n\n\n<p><\/p>\n\n\n\n<p><\/p>\n\n\n\n<p><\/p>\n\n\n\n<p><\/p>\n\n\n\n<p><\/p>\n\n\n\n<p><\/p>\n\n\n\n<p><\/p>\n\n\n\n<p><\/p>\n\n\n\n<p><\/p>\n\n\n\n<p><\/p>\n\n\n\n<p><\/p>\n\n\n\n<p><\/p>\n\n\n\n<p><\/p>\n\n\n\n<p><\/p>\n\n\n\n<p><\/p>\n\n\n\n<p><\/p>\n\n\n\n<p><\/p>\n\n\n\n<p><\/p>\n\n\n\n<p><\/p>\n\n\n\n<p><\/p>\n\n\n\n<p><\/p>\n\n\n\n<p><\/p>\n\n\n\n<p><\/p>\n\n\n\n<p><\/p>\n\n\n\n<p><\/p>\n\n\n\n<p><\/p>\n\n\n<div class=\"wp-block-image\">\n<figure class=\"alignleft is-resized\"><a href=\"https:\/\/www.krewelshof.de\/eifel\/\" target=\"_blank\" rel=\"noopener\"><img decoding=\"async\" loading=\"lazy\" src=\"https:\/\/pastanita.de\/pastashop\/wp-content\/uploads\/2022\/10\/Logo-Krewelshof.png\" alt=\"\" class=\"wp-image-3057\" width=\"399\" height=\"399\" srcset=\"https:\/\/pastanita.de\/pastashop\/wp-content\/uploads\/2022\/10\/Logo-Krewelshof.png 225w, https:\/\/pastanita.de\/pastashop\/wp-content\/uploads\/2022\/10\/Logo-Krewelshof-150x150.png 150w\" sizes=\"(max-width: 399px) 100vw, 399px\" \/><\/a><figcaption class=\"wp-element-caption\">&#8211; Krewelshof, Krewelshof 1, 53894 Mechernich-Obergartzen<\/figcaption><\/figure><\/div>\n\n\n<p><\/p>\n\n\n\n<div class=\"wp-block-media-text alignwide is-stacked-on-mobile\"><figure class=\"wp-block-media-text__media\"><img decoding=\"async\" loading=\"lazy\" width=\"1024\" height=\"477\" src=\"https:\/\/pastanita.de\/pastashop\/wp-content\/uploads\/2023\/02\/Teeladen_4c-1024x477.jpg\" alt=\"\" class=\"wp-image-3218 size-full\" srcset=\"https:\/\/pastanita.de\/pastashop\/wp-content\/uploads\/2023\/02\/Teeladen_4c-1024x477.jpg 1024w, https:\/\/pastanita.de\/pastashop\/wp-content\/uploads\/2023\/02\/Teeladen_4c-300x140.jpg 300w, https:\/\/pastanita.de\/pastashop\/wp-content\/uploads\/2023\/02\/Teeladen_4c-768x358.jpg 768w, https:\/\/pastanita.de\/pastashop\/wp-content\/uploads\/2023\/02\/Teeladen_4c.jpg 1353w\" sizes=\"(max-width: 1024px) 100vw, 1024px\" \/><\/figure><div class=\"wp-block-media-text__content\">\n<p><strong>Europ\u00e4isches Berufsbildungswerk<\/strong><strong><\/strong><\/p>\n\n\n\n<p>des DRK Landesverbandes Rheinland- Pfalz e. V.<\/p>\n\n\n\n<p>Henry- Dunant- Str. 1, D-54634 Bitburg<\/p>\n\n\n\n<p>Phone: +49 (0) 6561-9482680, Fax: +49 (0) 6561-9453-209<\/p>\n\n\n\n<p>Email: <a href=\"mailto:igelnelsa@euro-bbw.de\">igelnelsa@euro-bbw.de<\/a> , <a href=\"http:\/\/www.euro-bbw.de\/\">www.euro-bbw.de<\/a><\/p>\n<\/div><\/div>\n\n\n\n<div class=\"wp-block-media-text alignwide is-stacked-on-mobile is-vertically-aligned-center\"><figure class=\"wp-block-media-text__media\"><a href=\"http\/\/:natur-lieb.de\"><img decoding=\"async\" loading=\"lazy\" width=\"1024\" height=\"1024\" src=\"https:\/\/pastanita.de\/pastashop\/wp-content\/uploads\/2023\/02\/Naturlieb.Eitorf-1024x1024.jpg\" alt=\"\" class=\"wp-image-3211 size-full\" srcset=\"https:\/\/pastanita.de\/pastashop\/wp-content\/uploads\/2023\/02\/Naturlieb.Eitorf-1024x1024.jpg 1024w, https:\/\/pastanita.de\/pastashop\/wp-content\/uploads\/2023\/02\/Naturlieb.Eitorf-300x300.jpg 300w, https:\/\/pastanita.de\/pastashop\/wp-content\/uploads\/2023\/02\/Naturlieb.Eitorf-150x150.jpg 150w, https:\/\/pastanita.de\/pastashop\/wp-content\/uploads\/2023\/02\/Naturlieb.Eitorf-768x768.jpg 768w, https:\/\/pastanita.de\/pastashop\/wp-content\/uploads\/2023\/02\/Naturlieb.Eitorf-600x600.jpg 600w, https:\/\/pastanita.de\/pastashop\/wp-content\/uploads\/2023\/02\/Naturlieb.Eitorf.jpg 1080w\" sizes=\"(max-width: 1024px) 100vw, 1024px\" \/><\/a><\/figure><div class=\"wp-block-media-text__content\">\n<p><strong>Naturlieb<br>Inh. M.Ebert<\/strong><br>Asbacher Stra\u00dfe 14, 53783 Eitorf<\/p>\n\n\n\n<p>Tel.: +49 (0) 2243 911238<br>Mobil: 0157 506 11 504<\/p>\n\n\n\n<p>E-Mail:Info@natur-lieb.de<br><a href=\"http:\/\/www.natur-lieb.de\">http:\/\/www.natur-lieb.de<\/a><\/p>\n<\/div><\/div>\n","protected":false},"excerpt":{"rendered":"<p>In diesen liebevoll gef\u00fchrten Gesch\u00e4ften finden Sie unsere Nudeln incl. einer guten Beratung: &nbsp; Europ\u00e4isches Berufsbildungswerk des DRK Landesverbandes Rheinland- Pfalz e. V. Henry- Dunant- Str. 1, D-54634 Bitburg Phone: +49 (0) 6561-9482680, Fax: +49 (0) 6561-9453-209 Email: igelnelsa@euro-bbw.de , www.euro-bbw.de NaturliebInh. M.EbertAsbacher Stra\u00dfe 14, 53783 Eitorf Tel.: +49 (0) 2243 911238Mobil: 0157 506 11 [&hellip;]<\/p>\n","protected":false},"author":1,"featured_media":0,"parent":0,"menu_order":0,"comment_status":"closed","ping_status":"closed","template":"","meta":{"_themeisle_gutenberg_block_has_review":false},"_links":{"self":[{"href":"https:\/\/pastanita.de\/pastashop\/wp-json\/wp\/v2\/pages\/349"}],"collection":[{"href":"https:\/\/pastanita.de\/pastashop\/wp-json\/wp\/v2\/pages"}],"about":[{"href":"https:\/\/pastanita.de\/pastashop\/wp-json\/wp\/v2\/types\/page"}],"author":[{"embeddable":true,"href":"https:\/\/pastanita.de\/pastashop\/wp-json\/wp\/v2\/users\/1"}],"replies":[{"embeddable":true,"href":"https:\/\/pastanita.de\/pastashop\/wp-json\/wp\/v2\/comments?post=349"}],"version-history":[{"count":76,"href":"https:\/\/pastanita.de\/pastashop\/wp-json\/wp\/v2\/pages\/349\/revisions"}],"predecessor-version":[{"id":3236,"href":"https:\/\/pastanita.de\/pastashop\/wp-json\/wp\/v2\/pages\/349\/revisions\/3236"}],"wp:attachment":[{"href":"https:\/\/pastanita.de\/pastashop\/wp-json\/wp\/v2\/media?parent=349"}],"curies":[{"name":"wp","href":"https:\/\/api.w.org\/{rel}","templated":true}]}}